{"id":24,"date":"2021-01-28T12:36:43","date_gmt":"2021-01-28T12:36:43","guid":{"rendered":"http:\/\/gospelwings.de\/?page_id=24"},"modified":"2025-04-05T13:51:46","modified_gmt":"2025-04-05T13:51:46","slug":"wir-ueber-uns","status":"publish","type":"page","link":"https:\/\/gospelwings.de\/","title":{"rendered":"Wir \u00fcber uns"},"content":{"rendered":"\t\t<div data-elementor-type=\"wp-page\" data-elementor-id=\"24\" class=\"elementor elementor-24\" data-elementor-settings=\"[]\">\n\t\t\t\t\t\t\t<div class=\"elementor-section-wrap\">\n\t\t\t\t\t\t\t<section class=\"elementor-section elementor-top-section elementor-element elementor-element-1273f36 elementor-section-boxed elementor-section-height-default elementor-section-height-default\" data-id=\"1273f36\" data-element_type=\"section\">\n\t\t\t\t\t\t<div class=\"elementor-container elementor-column-gap-no\">\n\t\t\t\t\t<div class=\"elementor-column elementor-col-100 elementor-top-column elementor-element elementor-element-671770a\" data-id=\"671770a\" data-element_type=\"column\">\n\t\t\t<div class=\"elementor-widget-wrap elementor-element-populated\">\n\t\t\t\t\t\t\t\t<div class=\"elementor-element elementor-element-0e3aa99 elementor-invisible elementor-widget elementor-widget-image\" data-id=\"0e3aa99\" data-element_type=\"widget\" data-settings=\"{&quot;_animation&quot;:&quot;none&quot;}\" data-widget_type=\"image.default\">\n\t\t\t\t<div class=\"elementor-widget-container\">\n\t\t\t\t\t<div class=\"elementor-image\">\n\t\t\t\t\t\t\t\t\t\t<img width=\"1500\" height=\"286\" src=\"https:\/\/gospelwings.de\/wp-content\/uploads\/2021\/01\/TEST2-Kopie.jpg\" class=\"attachment-1536x1536 size-1536x1536\" alt=\"\" loading=\"lazy\" srcset=\"https:\/\/gospelwings.de\/wp-content\/uploads\/2021\/01\/TEST2-Kopie.jpg 1500w, https:\/\/gospelwings.de\/wp-content\/uploads\/2021\/01\/TEST2-Kopie-300x57.jpg 300w, https:\/\/gospelwings.de\/wp-content\/uploads\/2021\/01\/TEST2-Kopie-1024x195.jpg 1024w, https:\/\/gospelwings.de\/wp-content\/uploads\/2021\/01\/TEST2-Kopie-768x146.jpg 768w\" sizes=\"(max-width: 1500px) 100vw, 1500px\" \/>\t\t\t\t\t\t\t\t\t\t\t<\/div>\n\t\t\t\t<\/div>\n\t\t\t\t<\/div>\n\t\t\t\t\t<\/div>\n\t\t<\/div>\n\t\t\t\t\t\t\t<\/div>\n\t\t<\/section>\n\t\t\t\t<section class=\"elementor-section elementor-top-section elementor-element elementor-element-28e9dbd elementor-section-boxed elementor-section-height-default elementor-section-height-default\" data-id=\"28e9dbd\" data-element_type=\"section\">\n\t\t\t\t\t\t<div class=\"elementor-container elementor-column-gap-default\">\n\t\t\t\t\t<div class=\"elementor-column elementor-col-100 elementor-top-column elementor-element elementor-element-a746457\" data-id=\"a746457\" data-element_type=\"column\">\n\t\t\t<div class=\"elementor-widget-wrap elementor-element-populated\">\n\t\t\t\t\t\t\t\t<div class=\"elementor-element elementor-element-d46e9de elementor-widget-divider--view-line_icon elementor-view-default elementor-widget-divider--element-align-center elementor-widget elementor-widget-divider\" data-id=\"d46e9de\" data-element_type=\"widget\" data-widget_type=\"divider.default\">\n\t\t\t\t<div class=\"elementor-widget-container\">\n\t\t\t\t\t<div class=\"elementor-divider\">\n\t\t\t<span class=\"elementor-divider-separator\">\n\t\t\t\t\t\t\t<div class=\"elementor-icon elementor-divider__element\">\n\t\t\t\t\t<i aria-hidden=\"true\" class=\"fab fa-itunes-note\"><\/i><\/div>\n\t\t\t\t\t\t<\/span>\n\t\t<\/div>\n\t\t\t\t<\/div>\n\t\t\t\t<\/div>\n\t\t\t\t<div class=\"elementor-element elementor-element-5127d49 elementor-widget elementor-widget-heading\" data-id=\"5127d49\" data-element_type=\"widget\" data-widget_type=\"heading.default\">\n\t\t\t\t<div class=\"elementor-widget-container\">\n\t\t\t<h2 class=\"elementor-heading-title elementor-size-default\">Herzlich Willkommen bei den GospelWings!<\/h2>\t\t<\/div>\n\t\t\t\t<\/div>\n\t\t\t\t\t<\/div>\n\t\t<\/div>\n\t\t\t\t\t\t\t<\/div>\n\t\t<\/section>\n\t\t\t\t<section class=\"elementor-section elementor-top-section elementor-element elementor-element-a4bb807 elementor-section-boxed elementor-section-height-default elementor-section-height-default\" data-id=\"a4bb807\" data-element_type=\"section\">\n\t\t\t\t\t\t<div class=\"elementor-container elementor-column-gap-default\">\n\t\t\t\t\t<div class=\"elementor-column elementor-col-100 elementor-top-column elementor-element elementor-element-50b614e\" data-id=\"50b614e\" data-element_type=\"column\">\n\t\t\t<div class=\"elementor-widget-wrap elementor-element-populated\">\n\t\t\t\t\t\t\t\t<div class=\"elementor-element elementor-element-d7286bf elementor-widget-divider--view-line_icon elementor-view-default elementor-widget-divider--element-align-center elementor-widget elementor-widget-divider\" data-id=\"d7286bf\" data-element_type=\"widget\" data-widget_type=\"divider.default\">\n\t\t\t\t<div class=\"elementor-widget-container\">\n\t\t\t\t\t<div class=\"elementor-divider\">\n\t\t\t<span class=\"elementor-divider-separator\">\n\t\t\t\t\t\t\t<div class=\"elementor-icon elementor-divider__element\">\n\t\t\t\t\t<i aria-hidden=\"true\" class=\"fab fa-itunes-note\"><\/i><\/div>\n\t\t\t\t\t\t<\/span>\n\t\t<\/div>\n\t\t\t\t<\/div>\n\t\t\t\t<\/div>\n\t\t\t\t\t<\/div>\n\t\t<\/div>\n\t\t\t\t\t\t\t<\/div>\n\t\t<\/section>\n\t\t\t\t<section class=\"elementor-section elementor-top-section elementor-element elementor-element-1920336 elementor-section-boxed elementor-section-height-default elementor-section-height-default\" data-id=\"1920336\" data-element_type=\"section\">\n\t\t\t\t\t\t<div class=\"elementor-container elementor-column-gap-default\">\n\t\t\t\t\t<div class=\"elementor-column elementor-col-100 elementor-top-column elementor-element elementor-element-358eadd\" data-id=\"358eadd\" data-element_type=\"column\">\n\t\t\t<div class=\"elementor-widget-wrap elementor-element-populated\">\n\t\t\t\t\t\t\t\t<div class=\"elementor-element elementor-element-82facb5 elementor-widget elementor-widget-text-editor\" data-id=\"82facb5\" data-element_type=\"widget\" data-widget_type=\"text-editor.default\">\n\t\t\t\t<div class=\"elementor-widget-container\">\n\t\t\t\t\t<div class=\"elementor-text-editor elementor-clearfix\"><p><strong>&#8222;GospelWings&#8220; &#8211; Wir wollen die &#8222;frohe Botschaft&#8220; (= Gospel) beschwingt (= Wing) inmitten des sch\u00f6nen Allg\u00e4us weitertragen.<\/strong><\/p><p>Im September 2003 gr\u00fcndete eine Handvoll Gospelbegeisterte unseren Chor. Mit unserer Chorleiterin Konni Link konnten wir uns in den vergangenen Jahren kontinuierlich weiterentwickeln. So geh\u00f6ren heute neben Spirituals und Traditionals auch internationale zeitgen\u00f6ssische Worship-Songs mit Einfl\u00fcssen aus dem Blues, Soul und Funk\u00a0 sowie Pop- und Jazzklassiker zu unserem Repertoire.<\/p><p>Mit viel Begeisterung, Freude, aber auch Anspruch an unseren Chorklang wagen wir uns regelm\u00e4\u00dfig an neues Liedmaterial. Bei unseren Auftritten geht es allerdings nicht allein um die Musik. Wir m\u00f6chten unsere Zuh\u00f6rer:innen begeistern, zum Mittanzen, Mitsingen und Mitf\u00fchlen bewegen und durch die Botschaften unserer Lieder ber\u00fchren. Ein Herzst\u00fcck unseres Chores bilden die &#8222;Gospelchurches&#8220;, mit denen wir soziale Projekte unterst\u00fctzen.<\/p><p>Wir haben uns entschieden mit 16 &#8211; 20 Stimmen zu singen. \u00dcber <strong>Verst\u00e4rkung durch M\u00e4nnerstimmen<\/strong> freuen wir uns. Auch im Sopran gibt es momentan zwei freie Pl\u00e4tze.<\/p><p>Unser Chor ist gepr\u00e4gt von einem vertrauensvollen Miteinander, in dem jede:r\u00a0 St\u00e4rken und Talente einbringen kann und so einen wertvollen Beitrag zur Gemeinschaft leistet.<\/p><p><strong>Wir sind ein konfessionsoffener, gemischter Chor mit Sitz in Kaufbeuren, bei dem die Freude am gemeinsamen Singen im Vordergrund steht.<\/strong><\/p><\/div>\n\t\t\t\t<\/div>\n\t\t\t\t<\/div>\n\t\t\t\t\t<\/div>\n\t\t<\/div>\n\t\t\t\t\t\t\t<\/div>\n\t\t<\/section>\n\t\t\t\t<section class=\"elementor-section elementor-top-section elementor-element elementor-element-b87a521 elementor-section-boxed elementor-section-height-default elementor-section-height-default\" data-id=\"b87a521\" data-element_type=\"section\">\n\t\t\t\t\t\t<div class=\"elementor-container elementor-column-gap-default\">\n\t\t\t\t\t<div class=\"elementor-column elementor-col-100 elementor-top-column elementor-element elementor-element-9060a89\" data-id=\"9060a89\" data-element_type=\"column\">\n\t\t\t<div class=\"elementor-widget-wrap elementor-element-populated\">\n\t\t\t\t\t\t\t\t<div class=\"elementor-element elementor-element-a6a695e elementor-arrows-position-inside elementor-pagination-position-outside elementor-widget elementor-widget-image-carousel\" data-id=\"a6a695e\" data-element_type=\"widget\" data-settings=\"{&quot;navigation&quot;:&quot;both&quot;,&quot;autoplay&quot;:&quot;yes&quot;,&quot;pause_on_hover&quot;:&quot;yes&quot;,&quot;pause_on_interaction&quot;:&quot;yes&quot;,&quot;autoplay_speed&quot;:5000,&quot;infinite&quot;:&quot;yes&quot;,&quot;speed&quot;:500}\" data-widget_type=\"image-carousel.default\">\n\t\t\t\t<div class=\"elementor-widget-container\">\n\t\t\t\t\t<div class=\"elementor-image-carousel-wrapper swiper-container\" dir=\"ltr\">\n\t\t\t<div class=\"elementor-image-carousel swiper-wrapper\">\n\t\t\t\t<div class=\"swiper-slide\"><figure class=\"swiper-slide-inner\"><img class=\"swiper-slide-image\" src=\"https:\/\/gospelwings.de\/wp-content\/uploads\/2022\/06\/Wolfgang-Solo2-300x237.jpg\" alt=\"Praise The Lord!\" \/><\/figure><\/div><div class=\"swiper-slide\"><figure class=\"swiper-slide-inner\"><img class=\"swiper-slide-image\" src=\"https:\/\/gospelwings.de\/wp-content\/uploads\/2021\/01\/Christine-300x200.jpg\" alt=\"Sommerkonzert 2019\" \/><\/figure><\/div><div class=\"swiper-slide\"><figure class=\"swiper-slide-inner\"><img class=\"swiper-slide-image\" src=\"https:\/\/gospelwings.de\/wp-content\/uploads\/2021\/01\/Konni-pur-300x200.jpg\" alt=\"Hochzeit in Ingenried\" \/><\/figure><\/div><div class=\"swiper-slide\"><figure class=\"swiper-slide-inner\"><img class=\"swiper-slide-image\" src=\"https:\/\/gospelwings.de\/wp-content\/uploads\/2021\/01\/Wolfgang-Percussion-bei-Tucki-tucki-300x200.jpg\" alt=\"Foto: Haberl\" \/><\/figure><\/div><div class=\"swiper-slide\"><figure class=\"swiper-slide-inner\"><img class=\"swiper-slide-image\" src=\"https:\/\/gospelwings.de\/wp-content\/uploads\/2022\/06\/AATN5870-300x225.jpg\" alt=\"AATN5870\" \/><\/figure><\/div><div class=\"swiper-slide\"><figure class=\"swiper-slide-inner\"><img class=\"swiper-slide-image\" src=\"https:\/\/gospelwings.de\/wp-content\/uploads\/2022\/06\/P1030725-300x200.jpg\" alt=\"GospelKirchenTag in Karlsruhe\" \/><\/figure><\/div><div class=\"swiper-slide\"><figure class=\"swiper-slide-inner\"><img class=\"swiper-slide-image\" src=\"https:\/\/gospelwings.de\/wp-content\/uploads\/2022\/06\/DSC_0083-Kopie-300x199.jpg\" alt=\"DSC_0083 Kopie\" \/><\/figure><\/div><div class=\"swiper-slide\"><figure class=\"swiper-slide-inner\"><img class=\"swiper-slide-image\" src=\"https:\/\/gospelwings.de\/wp-content\/uploads\/2021\/01\/Evning-Rise-Schlussakkord-300x200.jpg\" alt=\"Evning Rise Schlussakkord\" \/><\/figure><\/div><div class=\"swiper-slide\"><figure class=\"swiper-slide-inner\"><img class=\"swiper-slide-image\" src=\"https:\/\/gospelwings.de\/wp-content\/uploads\/2021\/01\/Einsingen-mit-Konni-und-Band-300x200.jpg\" alt=\"Einsingen mit Konni und Band\" \/><\/figure><\/div><div class=\"swiper-slide\"><figure class=\"swiper-slide-inner\"><img class=\"swiper-slide-image\" src=\"https:\/\/gospelwings.de\/wp-content\/uploads\/2021\/01\/Marina-Solo-300x200.jpg\" alt=\"Sommerkonzert 2019\" \/><\/figure><\/div><div class=\"swiper-slide\"><figure class=\"swiper-slide-inner\"><img class=\"swiper-slide-image\" src=\"\" alt=\"\" \/><\/figure><\/div><div class=\"swiper-slide\"><figure class=\"swiper-slide-inner\"><img class=\"swiper-slide-image\" src=\"https:\/\/gospelwings.de\/wp-content\/uploads\/2021\/01\/Christine-Gerlinde-Marina-300x200.jpg\" alt=\"Foto: Haberl\" \/><\/figure><\/div><div class=\"swiper-slide\"><figure class=\"swiper-slide-inner\"><img class=\"swiper-slide-image\" src=\"https:\/\/gospelwings.de\/wp-content\/uploads\/2022\/06\/IMG_E1294-300x178.jpg\" alt=\"Foto: Burg\" \/><\/figure><\/div><div class=\"swiper-slide\"><figure class=\"swiper-slide-inner\"><img class=\"swiper-slide-image\" src=\"https:\/\/gospelwings.de\/wp-content\/uploads\/2022\/06\/Frank-und-Chor-300x200.jpg\" alt=\"Bassist Frank Thumbach\" \/><\/figure><\/div>\t\t\t<\/div>\n\t\t\t\t\t\t\t\t\t\t\t\t<div class=\"swiper-pagination\"><\/div>\n\t\t\t\t\t\t\t\t\t\t\t\t\t<div class=\"elementor-swiper-button elementor-swiper-button-prev\">\n\t\t\t\t\t\t<i class=\"eicon-chevron-left\" aria-hidden=\"true\"><\/i>\n\t\t\t\t\t\t<span class=\"elementor-screen-only\">Zur\u00fcck<\/span>\n\t\t\t\t\t<\/div>\n\t\t\t\t\t<div class=\"elementor-swiper-button elementor-swiper-button-next\">\n\t\t\t\t\t\t<i class=\"eicon-chevron-right\" aria-hidden=\"true\"><\/i>\n\t\t\t\t\t\t<span class=\"elementor-screen-only\">Weiter<\/span>\n\t\t\t\t\t<\/div>\n\t\t\t\t\t\t\t\t\t<\/div>\n\t\t\t\t<\/div>\n\t\t\t\t<\/div>\n\t\t\t\t<div class=\"elementor-element elementor-element-ee8538d elementor-widget-divider--view-line_icon elementor-view-default elementor-widget-divider--element-align-center elementor-widget elementor-widget-divider\" data-id=\"ee8538d\" data-element_type=\"widget\" data-widget_type=\"divider.default\">\n\t\t\t\t<div class=\"elementor-widget-container\">\n\t\t\t\t\t<div class=\"elementor-divider\">\n\t\t\t<span class=\"elementor-divider-separator\">\n\t\t\t\t\t\t\t<div class=\"elementor-icon elementor-divider__element\">\n\t\t\t\t\t<i aria-hidden=\"true\" class=\"fab fa-itunes-note\"><\/i><\/div>\n\t\t\t\t\t\t<\/span>\n\t\t<\/div>\n\t\t\t\t<\/div>\n\t\t\t\t<\/div>\n\t\t\t\t\t<\/div>\n\t\t<\/div>\n\t\t\t\t\t\t\t<\/div>\n\t\t<\/section>\n\t\t\t\t\t\t<\/div>\n\t\t\t\t\t<\/div>\n\t\t","protected":false},"excerpt":{"rendered":"<p>Herzlich Willkommen bei den GospelWings! &#8222;GospelWings&#8220; &#8211; Wir wollen die &#8222;frohe Botschaft&#8220; (= Gospel) beschwingt (= Wing) inmitten des sch\u00f6nen Allg\u00e4us weitertragen. Im September 2003 gr\u00fcndete eine Handvoll Gospelbegeisterte unseren Chor. Mit unserer Chorleiterin Konni Link konnten wir uns in den vergangenen Jahren kontinuierlich weiterentwickeln. So geh\u00f6ren heute neben Spirituals und Traditionals auch internationale zeitgen\u00f6ssische [&hellip;]<\/p>\n","protected":false},"author":1,"featured_media":0,"parent":0,"menu_order":0,"comment_status":"closed","ping_status":"closed","template":"","meta":{"spay_email":""},"_links":{"self":[{"href":"https:\/\/gospelwings.de\/index.php?rest_route=\/wp\/v2\/pages\/24"}],"collection":[{"href":"https:\/\/gospelwings.de\/index.php?rest_route=\/wp\/v2\/pages"}],"about":[{"href":"https:\/\/gospelwings.de\/index.php?rest_route=\/wp\/v2\/types\/page"}],"author":[{"embeddable":true,"href":"https:\/\/gospelwings.de\/index.php?rest_route=\/wp\/v2\/users\/1"}],"replies":[{"embeddable":true,"href":"https:\/\/gospelwings.de\/index.php?rest_route=%2Fwp%2Fv2%2Fcomments&post=24"}],"version-history":[{"count":66,"href":"https:\/\/gospelwings.de\/index.php?rest_route=\/wp\/v2\/pages\/24\/revisions"}],"predecessor-version":[{"id":1190,"href":"https:\/\/gospelwings.de\/index.php?rest_route=\/wp\/v2\/pages\/24\/revisions\/1190"}],"wp:attachment":[{"href":"https:\/\/gospelwings.de\/index.php?rest_route=%2Fwp%2Fv2%2Fmedia&parent=24"}],"curies":[{"name":"wp","href":"https:\/\/api.w.org\/{rel}","templated":true}]}}