{"id":26,"date":"2021-01-28T12:37:05","date_gmt":"2021-01-28T12:37:05","guid":{"rendered":"http:\/\/gospelwings.de\/?page_id=26"},"modified":"2022-10-08T13:40:28","modified_gmt":"2022-10-08T13:40:28","slug":"chorleitung","status":"publish","type":"page","link":"https:\/\/gospelwings.de\/?page_id=26","title":{"rendered":"Chorleitung"},"content":{"rendered":"\t\t<div data-elementor-type=\"wp-page\" data-elementor-id=\"26\" class=\"elementor elementor-26\" data-elementor-settings=\"[]\">\n\t\t\t\t\t\t\t<div class=\"elementor-section-wrap\">\n\t\t\t\t\t\t\t<section class=\"elementor-section elementor-top-section elementor-element elementor-element-02bad41 elementor-section-boxed elementor-section-height-default elementor-section-height-default\" data-id=\"02bad41\" data-element_type=\"section\">\n\t\t\t\t\t\t<div class=\"elementor-container elementor-column-gap-default\">\n\t\t\t\t\t<div class=\"elementor-column elementor-col-100 elementor-top-column elementor-element elementor-element-b7efdba\" data-id=\"b7efdba\" data-element_type=\"column\">\n\t\t\t<div class=\"elementor-widget-wrap elementor-element-populated\">\n\t\t\t\t\t\t\t\t<div class=\"elementor-element elementor-element-1d4b593 elementor-widget elementor-widget-image\" data-id=\"1d4b593\" data-element_type=\"widget\" data-widget_type=\"image.default\">\n\t\t\t\t<div class=\"elementor-widget-container\">\n\t\t\t\t\t<div class=\"elementor-image\">\n\t\t\t\t\t\t\t\t\t\t<img width=\"1500\" height=\"286\" src=\"https:\/\/gospelwings.de\/wp-content\/uploads\/2021\/01\/TEST2-Kopie.jpg\" class=\"attachment-1536x1536 size-1536x1536\" alt=\"\" loading=\"lazy\" srcset=\"https:\/\/gospelwings.de\/wp-content\/uploads\/2021\/01\/TEST2-Kopie.jpg 1500w, https:\/\/gospelwings.de\/wp-content\/uploads\/2021\/01\/TEST2-Kopie-300x57.jpg 300w, https:\/\/gospelwings.de\/wp-content\/uploads\/2021\/01\/TEST2-Kopie-1024x195.jpg 1024w, https:\/\/gospelwings.de\/wp-content\/uploads\/2021\/01\/TEST2-Kopie-768x146.jpg 768w\" sizes=\"(max-width: 1500px) 100vw, 1500px\" \/>\t\t\t\t\t\t\t\t\t\t\t<\/div>\n\t\t\t\t<\/div>\n\t\t\t\t<\/div>\n\t\t\t\t\t<\/div>\n\t\t<\/div>\n\t\t\t\t\t\t\t<\/div>\n\t\t<\/section>\n\t\t\t\t<section class=\"elementor-section elementor-top-section elementor-element elementor-element-5ece19f elementor-section-boxed elementor-section-height-default elementor-section-height-default\" data-id=\"5ece19f\" data-element_type=\"section\">\n\t\t\t\t\t\t<div class=\"elementor-container elementor-column-gap-default\">\n\t\t\t\t\t<div class=\"elementor-column elementor-col-100 elementor-top-column elementor-element elementor-element-3e8c8ea\" data-id=\"3e8c8ea\" data-element_type=\"column\">\n\t\t\t<div class=\"elementor-widget-wrap elementor-element-populated\">\n\t\t\t\t\t\t\t\t<div class=\"elementor-element elementor-element-b842e2b elementor-widget-divider--view-line_icon elementor-view-default elementor-widget-divider--element-align-center elementor-widget elementor-widget-divider\" data-id=\"b842e2b\" data-element_type=\"widget\" data-widget_type=\"divider.default\">\n\t\t\t\t<div class=\"elementor-widget-container\">\n\t\t\t\t\t<div class=\"elementor-divider\">\n\t\t\t<span class=\"elementor-divider-separator\">\n\t\t\t\t\t\t\t<div class=\"elementor-icon elementor-divider__element\">\n\t\t\t\t\t<i aria-hidden=\"true\" class=\"fab fa-itunes-note\"><\/i><\/div>\n\t\t\t\t\t\t<\/span>\n\t\t<\/div>\n\t\t\t\t<\/div>\n\t\t\t\t<\/div>\n\t\t\t\t<div class=\"elementor-element elementor-element-dd60264 elementor-widget elementor-widget-heading\" data-id=\"dd60264\" data-element_type=\"widget\" data-widget_type=\"heading.default\">\n\t\t\t\t<div class=\"elementor-widget-container\">\n\t\t\t<h2 class=\"elementor-heading-title elementor-size-default\">Chorleitung<\/h2>\t\t<\/div>\n\t\t\t\t<\/div>\n\t\t\t\t\t<\/div>\n\t\t<\/div>\n\t\t\t\t\t\t\t<\/div>\n\t\t<\/section>\n\t\t\t\t<section class=\"elementor-section elementor-top-section elementor-element elementor-element-4b4a2c7 elementor-section-boxed elementor-section-height-default elementor-section-height-default\" data-id=\"4b4a2c7\" data-element_type=\"section\">\n\t\t\t\t\t\t<div class=\"elementor-container elementor-column-gap-default\">\n\t\t\t\t\t<div class=\"elementor-column elementor-col-100 elementor-top-column elementor-element elementor-element-be79d80\" data-id=\"be79d80\" data-element_type=\"column\">\n\t\t\t<div class=\"elementor-widget-wrap elementor-element-populated\">\n\t\t\t\t\t\t\t\t<div class=\"elementor-element elementor-element-15b8472 elementor-widget-divider--view-line_icon elementor-view-default elementor-widget-divider--element-align-center elementor-widget elementor-widget-divider\" data-id=\"15b8472\" data-element_type=\"widget\" data-widget_type=\"divider.default\">\n\t\t\t\t<div class=\"elementor-widget-container\">\n\t\t\t\t\t<div class=\"elementor-divider\">\n\t\t\t<span class=\"elementor-divider-separator\">\n\t\t\t\t\t\t\t<div class=\"elementor-icon elementor-divider__element\">\n\t\t\t\t\t<i aria-hidden=\"true\" class=\"fab fa-itunes-note\"><\/i><\/div>\n\t\t\t\t\t\t<\/span>\n\t\t<\/div>\n\t\t\t\t<\/div>\n\t\t\t\t<\/div>\n\t\t\t\t\t<\/div>\n\t\t<\/div>\n\t\t\t\t\t\t\t<\/div>\n\t\t<\/section>\n\t\t\t\t<section class=\"elementor-section elementor-top-section elementor-element elementor-element-ba5f00d elementor-section-boxed elementor-section-height-default elementor-section-height-default\" data-id=\"ba5f00d\" data-element_type=\"section\">\n\t\t\t\t\t\t<div class=\"elementor-container elementor-column-gap-default\">\n\t\t\t\t\t<div class=\"elementor-column elementor-col-50 elementor-top-column elementor-element elementor-element-251a001\" data-id=\"251a001\" data-element_type=\"column\">\n\t\t\t<div class=\"elementor-widget-wrap elementor-element-populated\">\n\t\t\t\t\t\t\t\t<div class=\"elementor-element elementor-element-16b1149 elementor-widget elementor-widget-image\" data-id=\"16b1149\" data-element_type=\"widget\" data-widget_type=\"image.default\">\n\t\t\t\t<div class=\"elementor-widget-container\">\n\t\t\t\t\t<div class=\"elementor-image\">\n\t\t\t\t\t\t\t\t\t\t<img width=\"1024\" height=\"680\" src=\"https:\/\/gospelwings.de\/wp-content\/uploads\/2022\/06\/DSC_0083-Kopie-1-1024x680.jpg\" class=\"attachment-large size-large\" alt=\"\" loading=\"lazy\" srcset=\"https:\/\/gospelwings.de\/wp-content\/uploads\/2022\/06\/DSC_0083-Kopie-1-1024x680.jpg 1024w, https:\/\/gospelwings.de\/wp-content\/uploads\/2022\/06\/DSC_0083-Kopie-1-300x199.jpg 300w, https:\/\/gospelwings.de\/wp-content\/uploads\/2022\/06\/DSC_0083-Kopie-1-768x510.jpg 768w, https:\/\/gospelwings.de\/wp-content\/uploads\/2022\/06\/DSC_0083-Kopie-1-1536x1020.jpg 1536w, https:\/\/gospelwings.de\/wp-content\/uploads\/2022\/06\/DSC_0083-Kopie-1-2048x1360.jpg 2048w\" sizes=\"(max-width: 1024px) 100vw, 1024px\" \/>\t\t\t\t\t\t\t\t\t\t\t<\/div>\n\t\t\t\t<\/div>\n\t\t\t\t<\/div>\n\t\t\t\t\t<\/div>\n\t\t<\/div>\n\t\t\t\t<div class=\"elementor-column elementor-col-50 elementor-top-column elementor-element elementor-element-e3b0dcf\" data-id=\"e3b0dcf\" data-element_type=\"column\">\n\t\t\t<div class=\"elementor-widget-wrap elementor-element-populated\">\n\t\t\t\t\t\t\t\t<div class=\"elementor-element elementor-element-be907af elementor-widget elementor-widget-text-editor\" data-id=\"be907af\" data-element_type=\"widget\" data-widget_type=\"text-editor.default\">\n\t\t\t\t<div class=\"elementor-widget-container\">\n\t\t\t\t\t<div class=\"elementor-text-editor elementor-clearfix\"><p><strong>Unsere Chorleiterin Konni Link ist gleichzeitig unsere 1. Vorsitzende und Mitgr\u00fcnderin der GospelWings e. V. und damit seit Bestehen des Kaufbeurer Gospelchores untrenn-bar mit ihm verbunden.<\/strong><\/p><p>Als Musiklehrerin und staatlich anerkannte Chorleiterin im Laienmusizieren hat Konni den passenden Grundstein f\u00fcr einen musikalisch fundierten Aufbau unseres Chores gelegt. Ihre ersten Erfahrungen mit dem \u201eGospeln\u201c sammelte sie als S\u00e4ngerin im German Gospel Choir und seitdem l\u00e4sst sie die Begeisterug f\u00fcr die Gospelmusik nicht mehr los.<\/p><p>W\u00e4hrend ihrer Fortbildung zum CVT-Choir-Coach (Ulrike Wahren und Peter Stolle) f\u00fcllte sie ihren musikalischen Werkzeugkoffer mit \u00fcberraschenden Tools und steckt uns mit ihrer Begeisterung an, immer wieder Neues auszuprobieren.<\/p><p><strong>Konnis unerm\u00fcdlicher Einsatz, ihre Leidenschaft, ihre Lebensfreude, Motivation, aber auch ihr Anspruch an die Qualit\u00e4t unseres Chores\u00a0 ist ihr in all den Jahren nicht abhan-dengekommen.<\/strong><\/p><\/div>\n\t\t\t\t<\/div>\n\t\t\t\t<\/div>\n\t\t\t\t\t<\/div>\n\t\t<\/div>\n\t\t\t\t\t\t\t<\/div>\n\t\t<\/section>\n\t\t\t\t<section class=\"elementor-section elementor-top-section elementor-element elementor-element-616c0b5 elementor-section-boxed elementor-section-height-default elementor-section-height-default\" data-id=\"616c0b5\" data-element_type=\"section\">\n\t\t\t\t\t\t<div class=\"elementor-container elementor-column-gap-default\">\n\t\t\t\t\t<div class=\"elementor-column elementor-col-100 elementor-top-column elementor-element elementor-element-f3be6d6\" data-id=\"f3be6d6\" data-element_type=\"column\">\n\t\t\t<div class=\"elementor-widget-wrap elementor-element-populated\">\n\t\t\t\t\t\t\t\t<div class=\"elementor-element elementor-element-6f749f9 elementor-widget-divider--view-line_icon elementor-view-default elementor-widget-divider--element-align-center elementor-widget elementor-widget-divider\" data-id=\"6f749f9\" data-element_type=\"widget\" data-widget_type=\"divider.default\">\n\t\t\t\t<div class=\"elementor-widget-container\">\n\t\t\t\t\t<div class=\"elementor-divider\">\n\t\t\t<span class=\"elementor-divider-separator\">\n\t\t\t\t\t\t\t<div class=\"elementor-icon elementor-divider__element\">\n\t\t\t\t\t<i aria-hidden=\"true\" class=\"fab fa-itunes-note\"><\/i><\/div>\n\t\t\t\t\t\t<\/span>\n\t\t<\/div>\n\t\t\t\t<\/div>\n\t\t\t\t<\/div>\n\t\t\t\t\t<\/div>\n\t\t<\/div>\n\t\t\t\t\t\t\t<\/div>\n\t\t<\/section>\n\t\t\t\t\t\t<\/div>\n\t\t\t\t\t<\/div>\n\t\t","protected":false},"excerpt":{"rendered":"<p>Chorleitung Unsere Chorleiterin Konni Link ist gleichzeitig unsere 1. Vorsitzende und Mitgr\u00fcnderin der GospelWings e. V. und damit seit Bestehen des Kaufbeurer Gospelchores untrenn-bar mit ihm verbunden. Als Musiklehrerin und staatlich anerkannte Chorleiterin im Laienmusizieren hat Konni den passenden Grundstein f\u00fcr einen musikalisch fundierten Aufbau unseres Chores gelegt. Ihre ersten Erfahrungen mit dem \u201eGospeln\u201c sammelte [&hellip;]<\/p>\n","protected":false},"author":1,"featured_media":0,"parent":0,"menu_order":0,"comment_status":"closed","ping_status":"closed","template":"","meta":{"spay_email":""},"_links":{"self":[{"href":"https:\/\/gospelwings.de\/index.php?rest_route=\/wp\/v2\/pages\/26"}],"collection":[{"href":"https:\/\/gospelwings.de\/index.php?rest_route=\/wp\/v2\/pages"}],"about":[{"href":"https:\/\/gospelwings.de\/index.php?rest_route=\/wp\/v2\/types\/page"}],"author":[{"embeddable":true,"href":"https:\/\/gospelwings.de\/index.php?rest_route=\/wp\/v2\/users\/1"}],"replies":[{"embeddable":true,"href":"https:\/\/gospelwings.de\/index.php?rest_route=%2Fwp%2Fv2%2Fcomments&post=26"}],"version-history":[{"count":29,"href":"https:\/\/gospelwings.de\/index.php?rest_route=\/wp\/v2\/pages\/26\/revisions"}],"predecessor-version":[{"id":710,"href":"https:\/\/gospelwings.de\/index.php?rest_route=\/wp\/v2\/pages\/26\/revisions\/710"}],"wp:attachment":[{"href":"https:\/\/gospelwings.de\/index.php?rest_route=%2Fwp%2Fv2%2Fmedia&parent=26"}],"curies":[{"name":"wp","href":"https:\/\/api.w.org\/{rel}","templated":true}]}}