{"id":44,"date":"2021-01-28T12:40:47","date_gmt":"2021-01-28T12:40:47","guid":{"rendered":"http:\/\/gospelwings.de\/?page_id=44"},"modified":"2025-11-11T18:32:28","modified_gmt":"2025-11-11T18:32:28","slug":"kontakt","status":"publish","type":"page","link":"https:\/\/gospelwings.de\/?page_id=44","title":{"rendered":"Kontakt"},"content":{"rendered":"\t\t<div data-elementor-type=\"wp-page\" data-elementor-id=\"44\" class=\"elementor elementor-44\" data-elementor-settings=\"[]\">\n\t\t\t\t\t\t\t<div class=\"elementor-section-wrap\">\n\t\t\t\t\t\t\t<section class=\"elementor-section elementor-top-section elementor-element elementor-element-5cd807f elementor-section-boxed elementor-section-height-default elementor-section-height-default\" data-id=\"5cd807f\" data-element_type=\"section\">\n\t\t\t\t\t\t<div class=\"elementor-container elementor-column-gap-default\">\n\t\t\t\t\t<div class=\"elementor-column elementor-col-100 elementor-top-column elementor-element elementor-element-2fa3c7a\" data-id=\"2fa3c7a\" data-element_type=\"column\">\n\t\t\t<div class=\"elementor-widget-wrap elementor-element-populated\">\n\t\t\t\t\t\t\t\t<div class=\"elementor-element elementor-element-b75dd71 elementor-widget elementor-widget-image\" data-id=\"b75dd71\" data-element_type=\"widget\" data-widget_type=\"image.default\">\n\t\t\t\t<div class=\"elementor-widget-container\">\n\t\t\t\t\t<div class=\"elementor-image\">\n\t\t\t\t\t\t\t\t\t\t<img width=\"1500\" height=\"286\" src=\"https:\/\/gospelwings.de\/wp-content\/uploads\/2021\/01\/TEST2-Kopie.jpg\" class=\"attachment-1536x1536 size-1536x1536\" alt=\"\" loading=\"lazy\" srcset=\"https:\/\/gospelwings.de\/wp-content\/uploads\/2021\/01\/TEST2-Kopie.jpg 1500w, https:\/\/gospelwings.de\/wp-content\/uploads\/2021\/01\/TEST2-Kopie-300x57.jpg 300w, https:\/\/gospelwings.de\/wp-content\/uploads\/2021\/01\/TEST2-Kopie-1024x195.jpg 1024w, https:\/\/gospelwings.de\/wp-content\/uploads\/2021\/01\/TEST2-Kopie-768x146.jpg 768w\" sizes=\"(max-width: 1500px) 100vw, 1500px\" \/>\t\t\t\t\t\t\t\t\t\t\t<\/div>\n\t\t\t\t<\/div>\n\t\t\t\t<\/div>\n\t\t\t\t\t<\/div>\n\t\t<\/div>\n\t\t\t\t\t\t\t<\/div>\n\t\t<\/section>\n\t\t\t\t<section class=\"elementor-section elementor-top-section elementor-element elementor-element-f7c634f elementor-section-boxed elementor-section-height-default elementor-section-height-default\" data-id=\"f7c634f\" data-element_type=\"section\">\n\t\t\t\t\t\t<div class=\"elementor-container elementor-column-gap-default\">\n\t\t\t\t\t<div class=\"elementor-column elementor-col-100 elementor-top-column elementor-element elementor-element-4a6a3ab\" data-id=\"4a6a3ab\" data-element_type=\"column\">\n\t\t\t<div class=\"elementor-widget-wrap elementor-element-populated\">\n\t\t\t\t\t\t\t\t<div class=\"elementor-element elementor-element-061171d elementor-widget-divider--view-line_icon elementor-view-default elementor-widget-divider--element-align-center elementor-widget elementor-widget-divider\" data-id=\"061171d\" data-element_type=\"widget\" data-widget_type=\"divider.default\">\n\t\t\t\t<div class=\"elementor-widget-container\">\n\t\t\t\t\t<div class=\"elementor-divider\">\n\t\t\t<span class=\"elementor-divider-separator\">\n\t\t\t\t\t\t\t<div class=\"elementor-icon elementor-divider__element\">\n\t\t\t\t\t<i aria-hidden=\"true\" class=\"fab fa-itunes-note\"><\/i><\/div>\n\t\t\t\t\t\t<\/span>\n\t\t<\/div>\n\t\t\t\t<\/div>\n\t\t\t\t<\/div>\n\t\t\t\t\t<\/div>\n\t\t<\/div>\n\t\t\t\t\t\t\t<\/div>\n\t\t<\/section>\n\t\t\t\t<section class=\"elementor-section elementor-top-section elementor-element elementor-element-b6243f6 elementor-section-boxed elementor-section-height-default elementor-section-height-default\" data-id=\"b6243f6\" data-element_type=\"section\">\n\t\t\t\t\t\t<div class=\"elementor-container elementor-column-gap-default\">\n\t\t\t\t\t<div class=\"elementor-column elementor-col-100 elementor-top-column elementor-element elementor-element-c044fab\" data-id=\"c044fab\" data-element_type=\"column\">\n\t\t\t<div class=\"elementor-widget-wrap elementor-element-populated\">\n\t\t\t\t\t\t\t\t<div class=\"elementor-element elementor-element-d1cd46a elementor-widget elementor-widget-heading\" data-id=\"d1cd46a\" data-element_type=\"widget\" data-widget_type=\"heading.default\">\n\t\t\t\t<div class=\"elementor-widget-container\">\n\t\t\t<h2 class=\"elementor-heading-title elementor-size-default\">Kontakt<\/h2>\t\t<\/div>\n\t\t\t\t<\/div>\n\t\t\t\t\t<\/div>\n\t\t<\/div>\n\t\t\t\t\t\t\t<\/div>\n\t\t<\/section>\n\t\t\t\t<section class=\"elementor-section elementor-top-section elementor-element elementor-element-1477850 elementor-section-boxed elementor-section-height-default elementor-section-height-default\" data-id=\"1477850\" data-element_type=\"section\">\n\t\t\t\t\t\t<div class=\"elementor-container elementor-column-gap-default\">\n\t\t\t\t\t<div class=\"elementor-column elementor-col-100 elementor-top-column elementor-element elementor-element-b6ce814\" data-id=\"b6ce814\" data-element_type=\"column\">\n\t\t\t<div class=\"elementor-widget-wrap elementor-element-populated\">\n\t\t\t\t\t\t\t\t<div class=\"elementor-element elementor-element-35921eb elementor-widget-divider--view-line_icon elementor-view-default elementor-widget-divider--element-align-center elementor-widget elementor-widget-divider\" data-id=\"35921eb\" data-element_type=\"widget\" data-widget_type=\"divider.default\">\n\t\t\t\t<div class=\"elementor-widget-container\">\n\t\t\t\t\t<div class=\"elementor-divider\">\n\t\t\t<span class=\"elementor-divider-separator\">\n\t\t\t\t\t\t\t<div class=\"elementor-icon elementor-divider__element\">\n\t\t\t\t\t<i aria-hidden=\"true\" class=\"fab fa-itunes-note\"><\/i><\/div>\n\t\t\t\t\t\t<\/span>\n\t\t<\/div>\n\t\t\t\t<\/div>\n\t\t\t\t<\/div>\n\t\t\t\t\t<\/div>\n\t\t<\/div>\n\t\t\t\t\t\t\t<\/div>\n\t\t<\/section>\n\t\t\t\t<section class=\"elementor-section elementor-top-section elementor-element elementor-element-cd0f591 elementor-section-boxed elementor-section-height-default elementor-section-height-default\" data-id=\"cd0f591\" data-element_type=\"section\">\n\t\t\t\t\t\t<div class=\"elementor-container elementor-column-gap-default\">\n\t\t\t\t\t<div class=\"elementor-column elementor-col-100 elementor-top-column elementor-element elementor-element-e6ebe3c\" data-id=\"e6ebe3c\" data-element_type=\"column\">\n\t\t\t<div class=\"elementor-widget-wrap elementor-element-populated\">\n\t\t\t\t\t\t\t\t<div class=\"elementor-element elementor-element-89835ac elementor-widget elementor-widget-text-editor\" data-id=\"89835ac\" data-element_type=\"widget\" data-widget_type=\"text-editor.default\">\n\t\t\t\t<div class=\"elementor-widget-container\">\n\t\t\t\t\t<div class=\"elementor-text-editor elementor-clearfix\"><p class=\"Textbody\"><strong>Wir singen gerne f\u00fcr dich\/euch!<\/strong><\/p><p class=\"Textbody\">Bei deiner Trauung, Tauffeier oder Jubil\u00e4umsveranstaltung, ob als gro\u00dfer, stimmungsvoller H\u00f6hepunkt oder als Umrahmung deines Fests \u2013 wir freuen uns, wenn wir dazu beitragen k\u00f6nnen, deinen Anlass ganz besonders werden zu lassen. In unserem Repertoire finden sich Lieder, die bewegen, ber\u00fchren oder befl\u00fcgeln.<\/p><p class=\"Textbody\">Um deine Hochzeit oder dein Fest mit dir abzustimmen, laden wir zu einer Chorprobe ein, in der wir die gew\u00fcnschten Lieder f\u00fcr dich anstimmen, um genau die Songs zu finden, die f\u00fcr dich passen. Oder wir stellen die Liedauswahl nach deinen Vorstellungen zusammen.<\/p><p class=\"Textbody\">Unsere Preise richten sich nach den konkreten Anforderungen an unseren Auftritt. Gerne beraten wir dich in einem pers\u00f6nlichen Gespr\u00e4ch.\u00a0<\/p><p><strong>Wir freuen uns auf deine\/eure Anfrage!<\/strong><\/p><\/div>\n\t\t\t\t<\/div>\n\t\t\t\t<\/div>\n\t\t\t\t\t<\/div>\n\t\t<\/div>\n\t\t\t\t\t\t\t<\/div>\n\t\t<\/section>\n\t\t\t\t<section class=\"elementor-section elementor-top-section elementor-element elementor-element-7c4f3d9 elementor-section-boxed elementor-section-height-default elementor-section-height-default\" data-id=\"7c4f3d9\" data-element_type=\"section\">\n\t\t\t\t\t\t<div class=\"elementor-container elementor-column-gap-default\">\n\t\t\t\t\t<div class=\"elementor-column elementor-col-50 elementor-top-column elementor-element elementor-element-7211e77\" data-id=\"7211e77\" data-element_type=\"column\">\n\t\t\t<div class=\"elementor-widget-wrap elementor-element-populated\">\n\t\t\t\t\t\t\t\t<div class=\"elementor-element elementor-element-6dbb146 elementor-widget elementor-widget-text-editor\" data-id=\"6dbb146\" data-element_type=\"widget\" data-widget_type=\"text-editor.default\">\n\t\t\t\t<div class=\"elementor-widget-container\">\n\t\t\t\t\t<div class=\"elementor-text-editor elementor-clearfix\"><p><strong>GospelWings e.V.<\/strong><\/p><p>Konni Link<\/p><p>Ludwigstra\u00dfe 42<\/p><p>87600 Kaufbeuren<\/p><p>E-Mail: <a href=\"mailto:konnilink@gmx.de\">konnilink@gmx.de<\/a><\/p><\/div>\n\t\t\t\t<\/div>\n\t\t\t\t<\/div>\n\t\t\t\t\t<\/div>\n\t\t<\/div>\n\t\t\t\t<div class=\"elementor-column elementor-col-50 elementor-top-column elementor-element elementor-element-23e029b\" data-id=\"23e029b\" data-element_type=\"column\">\n\t\t\t<div class=\"elementor-widget-wrap elementor-element-populated\">\n\t\t\t\t\t\t\t\t<div class=\"elementor-element elementor-element-77c8150 elementor-widget elementor-widget-google_maps\" data-id=\"77c8150\" data-element_type=\"widget\" data-widget_type=\"google_maps.default\">\n\t\t\t\t<div class=\"elementor-widget-container\">\n\t\t\t<div class=\"elementor-custom-embed\"><iframe frameborder=\"0\" scrolling=\"no\" marginheight=\"0\" marginwidth=\"0\" src=\"https:\/\/maps.google.com\/maps?q=Ludwigstra%C3%9Fe%2042%20Kaufbeuren&amp;t=m&amp;z=17&amp;output=embed&amp;iwloc=near\" title=\"Ludwigstra\u00dfe 42 Kaufbeuren\" aria-label=\"Ludwigstra\u00dfe 42 Kaufbeuren\"><\/iframe><\/div>\t\t<\/div>\n\t\t\t\t<\/div>\n\t\t\t\t<div class=\"elementor-element elementor-element-f6be5b8 elementor-widget-divider--view-line_icon elementor-view-default elementor-widget-divider--element-align-center elementor-widget elementor-widget-divider\" data-id=\"f6be5b8\" data-element_type=\"widget\" data-widget_type=\"divider.default\">\n\t\t\t\t<div class=\"elementor-widget-container\">\n\t\t\t\t\t<div class=\"elementor-divider\">\n\t\t\t<span class=\"elementor-divider-separator\">\n\t\t\t\t\t\t\t<div class=\"elementor-icon elementor-divider__element\">\n\t\t\t\t\t<i aria-hidden=\"true\" class=\"fab fa-itunes-note\"><\/i><\/div>\n\t\t\t\t\t\t<\/span>\n\t\t<\/div>\n\t\t\t\t<\/div>\n\t\t\t\t<\/div>\n\t\t\t\t\t<\/div>\n\t\t<\/div>\n\t\t\t\t\t\t\t<\/div>\n\t\t<\/section>\n\t\t\t\t\t\t<\/div>\n\t\t\t\t\t<\/div>\n\t\t","protected":false},"excerpt":{"rendered":"<p>Kontakt Wir singen gerne f\u00fcr dich\/euch! Bei deiner Trauung, Tauffeier oder Jubil\u00e4umsveranstaltung, ob als gro\u00dfer, stimmungsvoller H\u00f6hepunkt oder als Umrahmung deines Fests \u2013 wir freuen uns, wenn wir dazu beitragen k\u00f6nnen, deinen Anlass ganz besonders werden zu lassen. In unserem Repertoire finden sich Lieder, die bewegen, ber\u00fchren oder befl\u00fcgeln. Um deine Hochzeit oder dein Fest [&hellip;]<\/p>\n","protected":false},"author":1,"featured_media":0,"parent":0,"menu_order":0,"comment_status":"closed","ping_status":"closed","template":"","meta":{"spay_email":""},"_links":{"self":[{"href":"https:\/\/gospelwings.de\/index.php?rest_route=\/wp\/v2\/pages\/44"}],"collection":[{"href":"https:\/\/gospelwings.de\/index.php?rest_route=\/wp\/v2\/pages"}],"about":[{"href":"https:\/\/gospelwings.de\/index.php?rest_route=\/wp\/v2\/types\/page"}],"author":[{"embeddable":true,"href":"https:\/\/gospelwings.de\/index.php?rest_route=\/wp\/v2\/users\/1"}],"replies":[{"embeddable":true,"href":"https:\/\/gospelwings.de\/index.php?rest_route=%2Fwp%2Fv2%2Fcomments&post=44"}],"version-history":[{"count":33,"href":"https:\/\/gospelwings.de\/index.php?rest_route=\/wp\/v2\/pages\/44\/revisions"}],"predecessor-version":[{"id":1284,"href":"https:\/\/gospelwings.de\/index.php?rest_route=\/wp\/v2\/pages\/44\/revisions\/1284"}],"wp:attachment":[{"href":"https:\/\/gospelwings.de\/index.php?rest_route=%2Fwp%2Fv2%2Fmedia&parent=44"}],"curies":[{"name":"wp","href":"https:\/\/api.w.org\/{rel}","templated":true}]}}